{"id":765,"date":"2025-10-02T13:31:01","date_gmt":"2025-10-02T17:31:01","guid":{"rendered":"https:\/\/aantc-elections-ctnaa.ca\/how-to-vote\/"},"modified":"2025-11-18T11:03:40","modified_gmt":"2025-11-18T16:03:40","slug":"how-to-vote","status":"publish","type":"page","link":"https:\/\/aantc-elections-ctnaa.ca\/en\/how-to-vote\/","title":{"rendered":"How to Vote"},"content":{"rendered":"\t\t<div data-elementor-type=\"wp-page\" data-elementor-id=\"765\" class=\"elementor elementor-765 elementor-105\" data-elementor-post-type=\"page\">\n\t\t\t\t<div class=\"elementor-element elementor-element-ca149aa e-flex e-con-boxed e-con e-parent\" data-id=\"ca149aa\" data-element_type=\"container\" data-e-type=\"container\" data-settings=\"{&quot;background_background&quot;:&quot;classic&quot;}\">\n\t\t\t\t\t<div class=\"e-con-inner\">\n\t\t<div class=\"elementor-element elementor-element-b5a5273 e-con-full e-flex e-con e-child\" data-id=\"b5a5273\" data-element_type=\"container\" data-e-type=\"container\">\n\t\t\t\t<div class=\"elementor-element elementor-element-d4b34f5 elementor-invisible elementor-widget elementor-widget-heading\" data-id=\"d4b34f5\" data-element_type=\"widget\" data-e-type=\"widget\" data-settings=\"{&quot;_animation&quot;:&quot;fadeInUp&quot;}\" data-widget_type=\"heading.default\">\n\t\t\t\t\t<h1 class=\"elementor-heading-title elementor-size-default\">How to Vote<\/h1>\t\t\t\t<\/div>\n\t\t\t\t<div class=\"elementor-element elementor-element-4e0e6c5 elementor-icon-list--layout-inline elementor-list-item-link-full_width elementor-invisible elementor-widget elementor-widget-icon-list\" data-id=\"4e0e6c5\" data-element_type=\"widget\" data-e-type=\"widget\" data-settings=\"{&quot;_animation&quot;:&quot;fadeInUp&quot;}\" data-widget_type=\"icon-list.default\">\n\t\t\t\t\t\t\t<ul class=\"elementor-icon-list-items elementor-inline-items\">\n\t\t\t\t\t\t\t<li class=\"elementor-icon-list-item elementor-inline-item\">\n\t\t\t\t\t\t\t\t\t\t\t<a href=\"https:\/\/aantc-elections-ctnaa.ca\/en\/\">\n\n\t\t\t\t\t\t\t\t\t\t\t<span class=\"elementor-icon-list-text\">Home<\/span>\n\t\t\t\t\t\t\t\t\t\t\t<\/a>\n\t\t\t\t\t\t\t\t\t<\/li>\n\t\t\t\t\t\t\t\t<li class=\"elementor-icon-list-item elementor-inline-item\">\n\t\t\t\t\t\t\t\t\t\t\t<a href=\"https:\/\/aantc-elections-ctnaa.ca\/en\/how-to-vote\/\">\n\n\t\t\t\t\t\t\t\t\t\t\t\t<span class=\"elementor-icon-list-icon\">\n\t\t\t\t\t\t\t<i aria-hidden=\"true\" class=\"icon icon-right-arrow\"><\/i>\t\t\t\t\t\t<\/span>\n\t\t\t\t\t\t\t\t\t\t<span class=\"elementor-icon-list-text\">How to Vote<\/span>\n\t\t\t\t\t\t\t\t\t\t\t<\/a>\n\t\t\t\t\t\t\t\t\t<\/li>\n\t\t\t\t\t\t<\/ul>\n\t\t\t\t\t\t<\/div>\n\t\t\t\t<\/div>\n\t\t\t\t\t<\/div>\n\t\t\t\t<\/div>\n\t\t<div class=\"elementor-element elementor-element-9ac3996 e-flex e-con-boxed e-con e-parent\" data-id=\"9ac3996\" data-element_type=\"container\" data-e-type=\"container\">\n\t\t\t\t\t<div class=\"e-con-inner\">\n\t\t<div class=\"elementor-element elementor-element-2f7d52d e-con-full e-flex e-con e-child\" data-id=\"2f7d52d\" data-element_type=\"container\" data-e-type=\"container\">\n\t\t\t\t<div class=\"elementor-element elementor-element-9352864 elementor-widget__width-initial elementor-invisible elementor-widget elementor-widget-heading\" data-id=\"9352864\" data-element_type=\"widget\" data-e-type=\"widget\" data-settings=\"{&quot;_animation&quot;:&quot;fadeInUp&quot;}\" data-widget_type=\"heading.default\">\n\t\t\t\t\t<h2 class=\"elementor-heading-title elementor-size-default\">AANTC ELECTION  On December 3, 2025 FROM 9am TO 6pm <\/h2>\t\t\t\t<\/div>\n\t\t\t\t<div class=\"elementor-element elementor-element-b90abc0 elementor-invisible elementor-widget elementor-widget-text-editor\" data-id=\"b90abc0\" data-element_type=\"widget\" data-e-type=\"widget\" data-settings=\"{&quot;_animation&quot;:&quot;fadeInUp&quot;}\" data-widget_type=\"text-editor.default\">\n\t\t\t\t\t\t\t\t\t<p>To allow for greater participation from community members, the Algonquin Anishinabeg Nation Tribal Council has chosen to hold the vote for your representatives online. Whether on your computer or smartphone, it&#8217;s easy to vote.<\/p>\t\t\t\t\t\t\t\t<\/div>\n\t\t\t\t<div class=\"elementor-element elementor-element-fc88ad2 elementor-widget elementor-widget-heading\" data-id=\"fc88ad2\" data-element_type=\"widget\" data-e-type=\"widget\" data-widget_type=\"heading.default\">\n\t\t\t\t\t<h4 class=\"elementor-heading-title elementor-size-default\">Voting in safety... ...at home<\/h4>\t\t\t\t<\/div>\n\t\t\t\t<div class=\"elementor-element elementor-element-53e388d elementor-widget elementor-widget-text-editor\" data-id=\"53e388d\" data-element_type=\"widget\" data-e-type=\"widget\" data-widget_type=\"text-editor.default\">\n\t\t\t\t\t\t\t\t\t<p>How? To vote from your computer or phone on December 3, 2025,<span style=\"color: #ff0000;\"><strong> you must register in advance<\/strong><\/span>, no later than November 26.\u00a0<\/p>\t\t\t\t\t\t\t\t<\/div>\n\t\t\t\t<div class=\"elementor-element elementor-element-5ed3ae8 elementor-widget elementor-widget-text-editor\" data-id=\"5ed3ae8\" data-element_type=\"widget\" data-e-type=\"widget\" data-widget_type=\"text-editor.default\">\n\t\t\t\t\t\t\t\t\t<p>1\u2013 Take a picture of your Indian status card.<\/p>\t\t\t\t\t\t\t\t<\/div>\n\t\t\t\t<div class=\"elementor-element elementor-element-de68c87 elementor-widget__width-inherit elementor-widget elementor-widget-image\" data-id=\"de68c87\" data-element_type=\"widget\" data-e-type=\"widget\" data-widget_type=\"image.default\">\n\t\t\t\t\t\t\t\t\t\t\t\t\t\t\t<img fetchpriority=\"high\" decoding=\"async\" width=\"623\" height=\"150\" src=\"https:\/\/aantc-elections-ctnaa.ca\/wp-content\/uploads\/2025\/11\/statut-indien.png\" class=\"attachment-large size-large wp-image-868\" alt=\"Statut Indien\" srcset=\"https:\/\/aantc-elections-ctnaa.ca\/wp-content\/uploads\/2025\/11\/statut-indien.png 623w, https:\/\/aantc-elections-ctnaa.ca\/wp-content\/uploads\/2025\/11\/statut-indien-300x72.png 300w\" sizes=\"(max-width: 623px) 100vw, 623px\" \/>\t\t\t\t\t\t\t\t\t\t\t\t\t\t\t<\/div>\n\t\t\t\t<div class=\"elementor-element elementor-element-2e9fde8 elementor-widget elementor-widget-text-editor\" data-id=\"2e9fde8\" data-element_type=\"widget\" data-e-type=\"widget\" data-widget_type=\"text-editor.default\">\n\t\t\t\t\t\t\t\t\t<p>2- Send it to the AANTC&#8217;s Chief Electoral Officer, Ms. Adrienne Jerome, with your personal email address BEFORE November 26 at the following address: elections@aantc-ctnaa.ca or by text message at 819-860-9937.<\/p><p>3- An email will be sent to you after November 26, 2025, with a PIN (Personal Identification Number) that will allow you to vote on December 3 on the following website: <span style=\"text-decoration: underline;\"><span style=\"color: #008080; text-decoration: underline;\"><a style=\"color: #008080; text-decoration: underline;\" href=\"https:\/\/anishinabeg.simplyvoting.com\" target=\"_blank\" rel=\"noopener\">https:\/\/anishinabeg.simplyvoting.com<\/a><\/span><\/span>\/ or by toll-free telephone at 1-866-272-2333.<\/p>\t\t\t\t\t\t\t\t<\/div>\n\t\t\t\t<div class=\"elementor-element elementor-element-0082b59 elementor-widget elementor-widget-text-editor\" data-id=\"0082b59\" data-element_type=\"widget\" data-e-type=\"widget\" data-widget_type=\"text-editor.default\">\n\t\t\t\t\t\t\t\t\t<p><strong>Procedure for members that do not pre-register, and members requiring assistance<\/strong><\/p><p>Those who cannot pre-register or who need assistance can visit their community polling station on December 3, 2025 from 9 am to 6 pm. The Community Electoral Officer will provide you with a PIN so you can vote there on location. A computer or phone will be provided only for those who need assistance. There will be no paper ballots. Whenever possible, we encourage members eligible for this election to pre-register and vote on their own device. For members who live outside their community, please ensure you pre-register by November 26, 2025.<\/p>\t\t\t\t\t\t\t\t<\/div>\n\t\t\t\t<\/div>\n\t\t<div class=\"elementor-element elementor-element-0cb5e90 e-con-full e-flex e-con e-child\" data-id=\"0cb5e90\" data-element_type=\"container\" data-e-type=\"container\">\n\t\t\t\t<div class=\"elementor-element elementor-element-f650599 elementor-widget elementor-widget-template\" data-id=\"f650599\" data-element_type=\"widget\" data-e-type=\"widget\" data-widget_type=\"template.default\">\n\t\t\t\t<div class=\"elementor-widget-container\">\n\t\t\t\t\t\t\t<div class=\"elementor-template\">\n\t\t\t\t\t<div data-elementor-type=\"container\" data-elementor-id=\"739\" class=\"elementor elementor-739 elementor-348 elementor-348\" data-elementor-post-type=\"elementor_library\">\n\t\t\t\t<div class=\"elementor-element elementor-element-186fab71 e-grid e-con-full e-con e-child\" data-id=\"186fab71\" data-element_type=\"container\" data-e-type=\"container\">\n\t\t<a class=\"elementor-element elementor-element-553db120 e-con-full e-flex elementor-invisible e-con e-child\" data-id=\"553db120\" data-element_type=\"container\" data-e-type=\"container\" data-settings=\"{&quot;background_background&quot;:&quot;classic&quot;,&quot;animation&quot;:&quot;fadeInUp&quot;}\" href=\"mailto:elections@aantc-ctnaa.net\">\n\t\t\t\t<div class=\"elementor-element elementor-element-68724d06 elementor-view-stacked elementor-shape-circle elementor-widget elementor-widget-icon\" data-id=\"68724d06\" data-element_type=\"widget\" data-e-type=\"widget\" data-widget_type=\"icon.default\">\n\t\t\t\t\t\t\t<div class=\"elementor-icon-wrapper\">\n\t\t\t<div class=\"elementor-icon\">\n\t\t\t<i aria-hidden=\"true\" class=\"icon icon-envelope2\"><\/i>\t\t\t<\/div>\n\t\t<\/div>\n\t\t\t\t\t\t<\/div>\n\t\t\t\t<div class=\"elementor-element elementor-element-6420be84 elementor-widget elementor-widget-image-box\" data-id=\"6420be84\" data-element_type=\"widget\" data-e-type=\"widget\" data-widget_type=\"image-box.default\">\n\t\t\t\t\t<div class=\"elementor-image-box-wrapper\"><div class=\"elementor-image-box-content\"><h5 class=\"elementor-image-box-title\">Email<\/h5><p class=\"elementor-image-box-description\">elections@aantc-ctnaa.ca<\/p><\/div><\/div>\t\t\t\t<\/div>\n\t\t\t\t<\/a>\n\t\t<a class=\"elementor-element elementor-element-0e0fc02 e-con-full e-flex elementor-invisible e-con e-child\" data-id=\"0e0fc02\" data-element_type=\"container\" data-e-type=\"container\" data-settings=\"{&quot;background_background&quot;:&quot;classic&quot;,&quot;animation&quot;:&quot;fadeInUp&quot;,&quot;animation_delay&quot;:&quot;250&quot;}\" href=\"tel:+18194418975\">\n\t\t\t\t<div class=\"elementor-element elementor-element-4608128 elementor-view-stacked elementor-shape-circle elementor-widget elementor-widget-icon\" data-id=\"4608128\" data-element_type=\"widget\" data-e-type=\"widget\" data-widget_type=\"icon.default\">\n\t\t\t\t\t\t\t<div class=\"elementor-icon-wrapper\">\n\t\t\t<div class=\"elementor-icon\">\n\t\t\t<i aria-hidden=\"true\" class=\"icon icon-phone\"><\/i>\t\t\t<\/div>\n\t\t<\/div>\n\t\t\t\t\t\t<\/div>\n\t\t\t\t<div class=\"elementor-element elementor-element-67a4325 elementor-widget elementor-widget-image-box\" data-id=\"67a4325\" data-element_type=\"widget\" data-e-type=\"widget\" data-widget_type=\"image-box.default\">\n\t\t\t\t\t<div class=\"elementor-image-box-wrapper\"><div class=\"elementor-image-box-content\"><h5 class=\"elementor-image-box-title\">PHONE<\/h5><p class=\"elementor-image-box-description\">819-441-8975<\/p><\/div><\/div>\t\t\t\t<\/div>\n\t\t\t\t<\/a>\n\t\t<a class=\"elementor-element elementor-element-5edc4b2 e-con-full e-flex elementor-invisible e-con e-child\" data-id=\"5edc4b2\" data-element_type=\"container\" data-e-type=\"container\" data-settings=\"{&quot;background_background&quot;:&quot;classic&quot;,&quot;animation&quot;:&quot;fadeInUp&quot;,&quot;animation_delay&quot;:&quot;250&quot;}\" href=\"https:\/\/aantc-elections-ctnaa.ca\/nous-joindre\/\">\n\t\t\t\t<div class=\"elementor-element elementor-element-26e1bd38 elementor-view-stacked elementor-shape-circle elementor-widget elementor-widget-icon\" data-id=\"26e1bd38\" data-element_type=\"widget\" data-e-type=\"widget\" data-widget_type=\"icon.default\">\n\t\t\t\t\t\t\t<div class=\"elementor-icon-wrapper\">\n\t\t\t<div class=\"elementor-icon\">\n\t\t\t<i aria-hidden=\"true\" class=\"icon icon-arrow-right\"><\/i>\t\t\t<\/div>\n\t\t<\/div>\n\t\t\t\t\t\t<\/div>\n\t\t\t\t<div class=\"elementor-element elementor-element-6b3e7dce elementor-widget elementor-widget-image-box\" data-id=\"6b3e7dce\" data-element_type=\"widget\" data-e-type=\"widget\" data-widget_type=\"image-box.default\">\n\t\t\t\t\t<div class=\"elementor-image-box-wrapper\"><div class=\"elementor-image-box-content\"><h5 class=\"elementor-image-box-title\">FORM<\/h5><p class=\"elementor-image-box-description\">Write to us directly<\/p><\/div><\/div>\t\t\t\t<\/div>\n\t\t\t\t<\/a>\n\t\t\t\t<\/div>\n\t\t\t\t<\/div>\n\t\t\t\t<\/div>\n\t\t\t\t\t\t<\/div>\n\t\t\t\t<\/div>\n\t\t\t\t<\/div>\n\t\t\t\t\t<\/div>\n\t\t\t\t<\/div>\n\t\t\t\t<\/div>\n\t\t","protected":false},"excerpt":{"rendered":"<p>Home AANTC ELECTION On December 3, 2025 FROM 9am TO 6pm To allow for greater participation from community members, the Algonquin Anishinabeg Nation Tribal Council has chosen to hold the vote for your representatives online. Whether on your computer or smartphone, it&#8217;s easy to vote. Voting in safety&#8230; &#8230;at home How? To vote from your [&hellip;]<\/p>\n","protected":false},"author":1,"featured_media":0,"parent":0,"menu_order":0,"comment_status":"closed","ping_status":"closed","template":"","meta":{"_seopress_robots_primary_cat":"","_seopress_titles_title":"Comment voter \u2013 \u00c9lections du Conseil de la Nation algonquine Anishinabeg","_seopress_titles_desc":"D\u00e9couvrez comment participer au vote en ligne pour \u00e9lire vos repr\u00e9sentants au Conseil de la Nation algonquine Anishinabeg.","_seopress_robots_index":"","footnotes":""},"class_list":["post-765","page","type-page","status-publish","hentry"],"_links":{"self":[{"href":"https:\/\/aantc-elections-ctnaa.ca\/en\/wp-json\/wp\/v2\/pages\/765","targetHints":{"allow":["GET"]}}],"collection":[{"href":"https:\/\/aantc-elections-ctnaa.ca\/en\/wp-json\/wp\/v2\/pages"}],"about":[{"href":"https:\/\/aantc-elections-ctnaa.ca\/en\/wp-json\/wp\/v2\/types\/page"}],"author":[{"embeddable":true,"href":"https:\/\/aantc-elections-ctnaa.ca\/en\/wp-json\/wp\/v2\/users\/1"}],"replies":[{"embeddable":true,"href":"https:\/\/aantc-elections-ctnaa.ca\/en\/wp-json\/wp\/v2\/comments?post=765"}],"version-history":[{"count":15,"href":"https:\/\/aantc-elections-ctnaa.ca\/en\/wp-json\/wp\/v2\/pages\/765\/revisions"}],"predecessor-version":[{"id":888,"href":"https:\/\/aantc-elections-ctnaa.ca\/en\/wp-json\/wp\/v2\/pages\/765\/revisions\/888"}],"wp:attachment":[{"href":"https:\/\/aantc-elections-ctnaa.ca\/en\/wp-json\/wp\/v2\/media?parent=765"}],"curies":[{"name":"wp","href":"https:\/\/api.w.org\/{rel}","templated":true}]}}